{"id":2,"date":"2016-06-14T02:27:08","date_gmt":"2016-06-14T02:27:08","guid":{"rendered":"http:\/\/fusionambiental.com.mx\/principal\/?page_id=2"},"modified":"2016-09-15T22:09:59","modified_gmt":"2016-09-15T22:09:59","slug":"pagina-ejemplo","status":"publish","type":"page","link":"https:\/\/fusionambiental.com.mx\/principal\/","title":{"rendered":"Inicio"},"content":{"rendered":"<p>[et_pb_section admin_label=\u00bbsection\u00bb fullwidth=\u00bbon\u00bb][et_pb_fullwidth_slider admin_label=\u00bbFullwidth Slider\u00bb show_arrows=\u00bbon\u00bb show_pagination=\u00bbon\u00bb auto=\u00bbon\u00bb parallax=\u00bbon\u00bb auto_ignore_hover=\u00bbon\u00bb parallax_method=\u00bboff\u00bb remove_inner_shadow=\u00bboff\u00bb background_position=\u00bbdefault\u00bb background_size=\u00bbdefault\u00bb hide_content_on_mobile=\u00bboff\u00bb hide_cta_on_mobile=\u00bboff\u00bb show_image_video_mobile=\u00bboff\u00bb custom_button=\u00bboff\u00bb button_letter_spacing=\u00bb0&#8243; button_use_icon=\u00bbdefault\u00bb button_icon_placement=\u00bbright\u00bb button_on_hover=\u00bbon\u00bb button_letter_spacing_hover=\u00bb0&#8243; auto_speed=\u00bb5000&#8243;]<\/p>\n<p>[et_pb_slide heading=\u00bbDiagn\u00f3sticos, auditor\u00edas y certificaciones\u00bb button_text=\u00bb\u00a1Con\u00f3celos!\u00bb button_link=\u00bbhttps:\/\/fusionambiental.com.mx\/principal\/diagnosticos\/\u00bb background_color=\u00bb#ffffff\u00bb alignment=\u00bbcenter\u00bb background_layout=\u00bbdark\u00bb video_bg_width=\u00bb1920&#8243; video_bg_height=\u00bb638&#8243; background_image=\u00bbhttps:\/\/fusionambiental.com.mx\/principal\/wp-content\/uploads\/2016\/06\/Health-Technology.jpg\u00bb background_position=\u00bbdefault\u00bb background_size=\u00bbdefault\u00bb use_bg_overlay=\u00bbon\u00bb use_text_overlay=\u00bbon\u00bb allow_player_pause=\u00bboff\u00bb text_border_radius=\u00bb3&#8243; header_font_select=\u00bbdefault\u00bb header_font=\u00bb||||\u00bb body_font_select=\u00bbdefault\u00bb body_font=\u00bb||||\u00bb custom_button=\u00bboff\u00bb button_font_select=\u00bbdefault\u00bb button_font=\u00bb||||\u00bb button_use_icon=\u00bbdefault\u00bb button_icon_placement=\u00bbright\u00bb button_on_hover=\u00bbon\u00bb] [\/et_pb_slide][et_pb_slide heading=\u00bbMonitoreos, muestreos y an\u00e1lisis\u00bb button_text=\u00bb\u00a1Con\u00f3celos!\u00bb button_link=\u00bbhttps:\/\/fusionambiental.com.mx\/principal\/monitoreos\/\u00bb background_color=\u00bb#ffffff\u00bb alignment=\u00bbcenter\u00bb background_layout=\u00bbdark\u00bb video_bg_width=\u00bb1920&#8243; video_bg_height=\u00bb638&#8243; background_image=\u00bbhttps:\/\/fusionambiental.com.mx\/principal\/wp-content\/uploads\/2016\/06\/alimentos2.jpg\u00bb background_position=\u00bbdefault\u00bb background_size=\u00bbdefault\u00bb use_bg_overlay=\u00bbon\u00bb use_text_overlay=\u00bbon\u00bb allow_player_pause=\u00bboff\u00bb text_border_radius=\u00bb3&#8243; header_font_select=\u00bbdefault\u00bb header_font=\u00bb||||\u00bb body_font_select=\u00bbdefault\u00bb body_font=\u00bb||||\u00bb custom_button=\u00bboff\u00bb button_font_select=\u00bbdefault\u00bb button_font=\u00bb||||\u00bb button_use_icon=\u00bbdefault\u00bb button_icon_placement=\u00bbright\u00bb button_on_hover=\u00bbon\u00bb] [\/et_pb_slide][et_pb_slide heading=\u00bbImpacto y riesgo ambiental\u00bb button_text=\u00bb\u00a1Con\u00f3celos!\u00bb button_link=\u00bbhttps:\/\/fusionambiental.com.mx\/principal\/impacto\/\u00bb background_color=\u00bb#ffffff\u00bb alignment=\u00bbcenter\u00bb background_layout=\u00bbdark\u00bb video_bg_width=\u00bb1920&#8243; video_bg_height=\u00bb638&#8243; background_image=\u00bbhttps:\/\/fusionambiental.com.mx\/principal\/wp-content\/uploads\/2016\/06\/uk1splsh.2.jpg\u00bb background_position=\u00bbdefault\u00bb background_size=\u00bbdefault\u00bb use_bg_overlay=\u00bbon\u00bb use_text_overlay=\u00bbon\u00bb allow_player_pause=\u00bboff\u00bb text_border_radius=\u00bb3&#8243; header_font_select=\u00bbdefault\u00bb header_font=\u00bb||||\u00bb body_font_select=\u00bbdefault\u00bb body_font=\u00bb||||\u00bb custom_button=\u00bboff\u00bb button_font_select=\u00bbdefault\u00bb button_font=\u00bb||||\u00bb button_use_icon=\u00bbdefault\u00bb button_icon_placement=\u00bbright\u00bb button_on_hover=\u00bbon\u00bb] [\/et_pb_slide][et_pb_slide heading=\u00bbElaboraci\u00f3n de manuales y capacitaci\u00f3n\u00bb button_text=\u00bb\u00a1Con\u00f3celos!\u00bb button_link=\u00bbhttps:\/\/fusionambiental.com.mx\/principal\/manuales\/\u00bb background_color=\u00bb#ffffff\u00bb alignment=\u00bbcenter\u00bb background_layout=\u00bbdark\u00bb video_bg_width=\u00bb1920&#8243; video_bg_height=\u00bb638&#8243; background_image=\u00bbhttps:\/\/fusionambiental.com.mx\/principal\/wp-content\/uploads\/2016\/06\/luxometro.jpg\u00bb background_position=\u00bbdefault\u00bb background_size=\u00bbdefault\u00bb use_bg_overlay=\u00bbon\u00bb use_text_overlay=\u00bbon\u00bb allow_player_pause=\u00bboff\u00bb text_border_radius=\u00bb3&#8243; header_font_select=\u00bbdefault\u00bb header_font=\u00bb||||\u00bb body_font_select=\u00bbdefault\u00bb body_font=\u00bb||||\u00bb custom_button=\u00bboff\u00bb button_font_select=\u00bbdefault\u00bb button_font=\u00bb||||\u00bb button_use_icon=\u00bbdefault\u00bb button_icon_placement=\u00bbright\u00bb button_on_hover=\u00bbon\u00bb] [\/et_pb_slide][et_pb_slide heading=\u00bbSistemas administrativos y de calidad\u00bb button_text=\u00bb\u00a1Con\u00f3celos!\u00bb button_link=\u00bbhttps:\/\/fusionambiental.com.mx\/principal\/calidad\/\u00bb background_color=\u00bb#ffffff\u00bb alignment=\u00bbcenter\u00bb background_layout=\u00bbdark\u00bb video_bg_width=\u00bb1920&#8243; video_bg_height=\u00bb638&#8243; background_image=\u00bbhttps:\/\/fusionambiental.com.mx\/principal\/wp-content\/uploads\/2016\/06\/Flemming_Moller6.jpg\u00bb background_position=\u00bbdefault\u00bb background_size=\u00bbdefault\u00bb use_bg_overlay=\u00bbon\u00bb use_text_overlay=\u00bbon\u00bb allow_player_pause=\u00bboff\u00bb text_border_radius=\u00bb3&#8243; header_font_select=\u00bbdefault\u00bb header_font=\u00bb||||\u00bb body_font_select=\u00bbdefault\u00bb body_font=\u00bb||||\u00bb custom_button=\u00bboff\u00bb button_font_select=\u00bbdefault\u00bb button_font=\u00bb||||\u00bb button_use_icon=\u00bbdefault\u00bb button_icon_placement=\u00bbright\u00bb button_on_hover=\u00bbon\u00bb] [\/et_pb_slide]<\/p>\n<p>[\/et_pb_fullwidth_slider][\/et_pb_section][et_pb_section admin_label=\u00bbsection\u00bb fullwidth=\u00bboff\u00bb][et_pb_row admin_label=\u00bbrow\u00bb][et_pb_column type=\u00bb1_3&#8243;][et_pb_blurb admin_label=\u00bbBlurb\u00bb title=\u00bb\u00bfQui\u00e9nes Somos?\u00bb url_new_window=\u00bboff\u00bb animation=\u00bboff\u00bb background_layout=\u00bblight\u00bb text_orientation=\u00bbleft\u00bb icon_placement=\u00bbleft\u00bb font_icon=\u00bb%%259%%\u00bb use_icon=\u00bbon\u00bb use_circle=\u00bboff\u00bb use_circle_border=\u00bboff\u00bb icon_color=\u00bb#4ea7db\u00bb circle_color=\u00bb#7c4dd5&#8243; circle_border_color=\u00bb#2caaca\u00bb use_icon_font_size=\u00bboff\u00bb use_border_color=\u00bboff\u00bb border_color=\u00bb#ffffff\u00bb border_style=\u00bbsolid\u00bb url=\u00bbhttps:\/\/fusionambiental.com.mx\/principal\/nosotros\/\u00bb]<\/p>\n<p>Somos una empresa INTEGRAL enfocada en brindar servicios y apoyo en materia de Medio Ambiente, Salud, Seguridad Alimentaria, Sanidad Agropecuaria as\u00ed como en Seguridad e Higiene.<\/p>\n<p>[\/et_pb_blurb][\/et_pb_column][et_pb_column type=\u00bb1_3&#8243;][et_pb_blurb admin_label=\u00bbBlurb\u00bb title=\u00bbAcreditaciones y aprobaciones \u00bb url_new_window=\u00bboff\u00bb animation=\u00bboff\u00bb background_layout=\u00bblight\u00bb text_orientation=\u00bbleft\u00bb icon_placement=\u00bbleft\u00bb font_icon=\u00bb%%209%%\u00bb use_icon=\u00bbon\u00bb use_circle=\u00bboff\u00bb use_circle_border=\u00bboff\u00bb icon_color=\u00bb#4ea7db\u00bb circle_color=\u00bb#7c4dd5&#8243; circle_border_color=\u00bb#2caaca\u00bb use_icon_font_size=\u00bboff\u00bb use_border_color=\u00bboff\u00bb border_color=\u00bb#ffffff\u00bb border_style=\u00bbsolid\u00bb url=\u00bbhttps:\/\/fusionambiental.com.mx\/principal\/acreditaciones\/\u00bb]<\/p>\n<p>Nuestro equipo de trabajo esta conformado por laboratorios, unidades de verificaci\u00f3n y asesores; los cuales se encuentran acreditados y aprobados en distintas ramas, lo que te permite optimizar servicios y tiempo trabajando con nosotros.<\/p>\n<p>[\/et_pb_blurb][\/et_pb_column][et_pb_column type=\u00bb1_3&#8243;][et_pb_blurb admin_label=\u00bbBlurb\u00bb title=\u00bbNuestros Servicios\u00bb url_new_window=\u00bboff\u00bb animation=\u00bboff\u00bb background_layout=\u00bblight\u00bb text_orientation=\u00bbleft\u00bb icon_placement=\u00bbleft\u00bb font_icon=\u00bb%%286%%\u00bb use_icon=\u00bbon\u00bb use_circle=\u00bboff\u00bb use_circle_border=\u00bboff\u00bb icon_color=\u00bb#4ea7db\u00bb circle_color=\u00bb#7c4dd5&#8243; circle_border_color=\u00bb#2caaca\u00bb use_icon_font_size=\u00bboff\u00bb use_border_color=\u00bboff\u00bb border_color=\u00bb#ffffff\u00bb border_style=\u00bbsolid\u00bb url=\u00bbhttps:\/\/fusionambiental.com.mx\/principal\/ambientales\/\u00bb]<\/p>\n<p>Nuestros servicios est\u00e1n a cargo de un equipo de especialistas multifuncionales cuyo fin es cubrir tus expectativas y satisfacer tus necesidades en todo momento.<\/p>\n<p>[\/et_pb_blurb][\/et_pb_column][\/et_pb_row][\/et_pb_section][et_pb_section admin_label=\u00bbsection\u00bb fullwidth=\u00bboff\u00bb background_color=\u00bb#7cda24&#8243; inner_shadow=\u00bboff\u00bb parallax=\u00bboff\u00bb transparent_background=\u00bboff\u00bb allow_player_pause=\u00bboff\u00bb parallax_method=\u00bboff\u00bb padding_mobile=\u00bboff\u00bb make_fullwidth=\u00bboff\u00bb use_custom_width=\u00bboff\u00bb width_unit=\u00bbon\u00bb make_equal=\u00bboff\u00bb use_custom_gutter=\u00bboff\u00bb][et_pb_row admin_label=\u00bbrow\u00bb][et_pb_column type=\u00bb4_4&#8243;][et_pb_cta admin_label=\u00bbCall To Action\u00bb button_url=\u00bbhttps:\/\/fusionambiental.com.mx\/principal\/servicios\/\u00bb button_text=\u00bb\u00a1Conoce nuestros servicios!\u00bb background_color=\u00bb#7ebec5&#8243; use_background_color=\u00bboff\u00bb background_layout=\u00bbdark\u00bb text_orientation=\u00bbcenter\u00bb url_new_window=\u00bboff\u00bb use_border_color=\u00bboff\u00bb border_color=\u00bb#ffffff\u00bb border_style=\u00bbsolid\u00bb custom_button=\u00bboff\u00bb button_letter_spacing=\u00bb0&#8243; button_use_icon=\u00bbdefault\u00bb button_icon_placement=\u00bbright\u00bb button_on_hover=\u00bbon\u00bb button_letter_spacing_hover=\u00bb0&#8243;]<\/p>\n<h1>Servicios en materia de MEDIO AMBIENTE, SALUD, SEGURIDAD ALIMENTARIA, SANIDAD AGROPECUARIA, SEGURIDAD E HIGIENE<\/h1>\n<p>[\/et_pb_cta][\/et_pb_column][\/et_pb_row][\/et_pb_section][et_pb_section admin_label=\u00bbsection\u00bb][et_pb_row admin_label=\u00bbrow\u00bb][et_pb_column type=\u00bb4_4&#8243;][et_pb_text admin_label=\u00bbText\u00bb background_layout=\u00bblight\u00bb text_orientation=\u00bbcenter\u00bb use_border_color=\u00bboff\u00bb border_color=\u00bb#ffffff\u00bb border_style=\u00bbsolid\u00bb]<\/p>\n<h1>Estamos para apoyarte en:<\/h1>\n<p>[\/et_pb_text][\/et_pb_column][\/et_pb_row][et_pb_row admin_label=\u00bbrow\u00bb][et_pb_column type=\u00bb1_3&#8243;][et_pb_blurb admin_label=\u00bbBlurb\u00bb title=\u00bbDiagn\u00f3sticos, auditor\u00edas y certificaciones \u00bb url_new_window=\u00bboff\u00bb animation=\u00bbbottom\u00bb background_layout=\u00bblight\u00bb text_orientation=\u00bbcenter\u00bb use_icon=\u00bbon\u00bb icon_color=\u00bb#ffffff\u00bb use_circle=\u00bbon\u00bb circle_color=\u00bb#2caaca\u00bb use_circle_border=\u00bbon\u00bb circle_border_color=\u00bb#0c71c3&#8243; icon_placement=\u00bbtop\u00bb use_icon_font_size=\u00bboff\u00bb use_border_color=\u00bboff\u00bb border_color=\u00bb#ffffff\u00bb border_style=\u00bbsolid\u00bb font_icon=\u00bb%%49%%\u00bb url=\u00bbhttps:\/\/fusionambiental.com.mx\/principal\/diagnosticos\/\u00bb]<\/p>\n<p>[\/et_pb_blurb][\/et_pb_column][et_pb_column type=\u00bb1_3&#8243;][et_pb_blurb admin_label=\u00bbBlurb\u00bb title=\u00bbMonitoreos, muestreos y an\u00e1lisis \u00bb url_new_window=\u00bboff\u00bb animation=\u00bbbottom\u00bb background_layout=\u00bblight\u00bb text_orientation=\u00bbcenter\u00bb use_icon=\u00bbon\u00bb icon_color=\u00bb#ffffff\u00bb use_circle=\u00bbon\u00bb circle_color=\u00bb#2caaca\u00bb use_circle_border=\u00bbon\u00bb circle_border_color=\u00bb#0c71c3&#8243; icon_placement=\u00bbtop\u00bb use_icon_font_size=\u00bboff\u00bb use_border_color=\u00bboff\u00bb border_color=\u00bb#ffffff\u00bb border_style=\u00bbsolid\u00bb font_icon=\u00bb%%103%%\u00bb url=\u00bbhttps:\/\/fusionambiental.com.mx\/principal\/monitoreos\/\u00bb]<\/p>\n<p>[\/et_pb_blurb][\/et_pb_column][et_pb_column type=\u00bb1_3&#8243;][et_pb_blurb admin_label=\u00bbBlurb\u00bb title=\u00bbImpacto y riesgo ambiental\u00bb url_new_window=\u00bboff\u00bb animation=\u00bbbottom\u00bb background_layout=\u00bblight\u00bb text_orientation=\u00bbcenter\u00bb use_icon=\u00bbon\u00bb icon_color=\u00bb#ffffff\u00bb use_circle=\u00bbon\u00bb circle_color=\u00bb#2caaca\u00bb use_circle_border=\u00bbon\u00bb circle_border_color=\u00bb#0c71c3&#8243; icon_placement=\u00bbtop\u00bb use_icon_font_size=\u00bboff\u00bb use_border_color=\u00bboff\u00bb border_color=\u00bb#ffffff\u00bb border_style=\u00bbsolid\u00bb font_icon=\u00bb%%72%%\u00bb url=\u00bbhttps:\/\/fusionambiental.com.mx\/principal\/impacto\/\u00bb]<\/p>\n<p>[\/et_pb_blurb][\/et_pb_column][\/et_pb_row][\/et_pb_section][et_pb_section admin_label=\u00bbSecci\u00f3n\u00bb fullwidth=\u00bboff\u00bb specialty=\u00bboff\u00bb][et_pb_row admin_label=\u00bbFila\u00bb][et_pb_column type=\u00bb1_2&#8243;][et_pb_blurb admin_label=\u00bbBlurb\u00bb title=\u00bbElaboraci\u00f3n de manuales y capacitaci\u00f3n \u00bb url_new_window=\u00bboff\u00bb animation=\u00bbbottom\u00bb background_layout=\u00bblight\u00bb text_orientation=\u00bbcenter\u00bb use_icon=\u00bbon\u00bb icon_color=\u00bb#ffffff\u00bb use_circle=\u00bbon\u00bb circle_color=\u00bb#2caaca\u00bb use_circle_border=\u00bbon\u00bb circle_border_color=\u00bb#0c71c3&#8243; icon_placement=\u00bbtop\u00bb use_icon_font_size=\u00bboff\u00bb use_border_color=\u00bboff\u00bb border_color=\u00bb#ffffff\u00bb border_style=\u00bbsolid\u00bb font_icon=\u00bb%%68%%\u00bb url=\u00bbhttps:\/\/fusionambiental.com.mx\/principal\/manuales\u00bb]<\/p>\n<p>[\/et_pb_blurb][\/et_pb_column][et_pb_column type=\u00bb1_2&#8243;][et_pb_blurb admin_label=\u00bbBlurb\u00bb title=\u00bbSistemas administrativos y de calidad \u00bb url_new_window=\u00bboff\u00bb animation=\u00bbbottom\u00bb background_layout=\u00bblight\u00bb text_orientation=\u00bbcenter\u00bb use_icon=\u00bbon\u00bb icon_color=\u00bb#ffffff\u00bb use_circle=\u00bbon\u00bb circle_color=\u00bb#2caaca\u00bb use_circle_border=\u00bbon\u00bb circle_border_color=\u00bb#0c71c3&#8243; icon_placement=\u00bbtop\u00bb use_icon_font_size=\u00bboff\u00bb use_border_color=\u00bboff\u00bb border_color=\u00bb#ffffff\u00bb border_style=\u00bbsolid\u00bb font_icon=\u00bb%%111%%\u00bb url=\u00bbhttps:\/\/fusionambiental.com.mx\/principal\/calidad\/\u00bb]<\/p>\n<p>[\/et_pb_blurb][\/et_pb_column][\/et_pb_row][\/et_pb_section][et_pb_section admin_label=\u00bbsection\u00bb fullwidth=\u00bbon\u00bb][et_pb_fullwidth_image admin_label=\u00bbImagen de anchura completa\u00bb src=\u00bbhttps:\/\/fusionambiental.com.mx\/principal\/wp-content\/uploads\/2016\/06\/banner.jpg\u00bb show_in_lightbox=\u00bboff\u00bb url_new_window=\u00bboff\u00bb use_overlay=\u00bboff\u00bb animation=\u00bbleft\u00bb use_border_color=\u00bboff\u00bb border_color=\u00bb#ffffff\u00bb border_style=\u00bbsolid\u00bb]<\/p>\n<p>[\/et_pb_fullwidth_image][\/et_pb_section][et_pb_section admin_label=\u00bbsection\u00bb fullwidth=\u00bboff\u00bb background_color=\u00bb#283139&#8243; inner_shadow=\u00bboff\u00bb parallax=\u00bboff\u00bb][et_pb_row admin_label=\u00bbrow\u00bb][et_pb_column type=\u00bb4_4&#8243;][et_pb_text admin_label=\u00bbText\u00bb background_layout=\u00bbdark\u00bb text_orientation=\u00bbcenter\u00bb use_border_color=\u00bboff\u00bb border_color=\u00bb#ffffff\u00bb border_style=\u00bbsolid\u00bb]<\/p>\n<h1>Una cartera completa de servicios<\/h1>\n<p>DINOS QU\u00c9 NECESITAS, Y NOSOTROS\u00a0TE APOYAMOS PARA LOGRARLO\u00a0O LO HACEMOS POR TI.<\/p>\n<p>[\/et_pb_text][\/et_pb_column][\/et_pb_row][et_pb_row admin_label=\u00bbrow\u00bb][et_pb_column type=\u00bb1_3&#8243;][et_pb_blurb admin_label=\u00bbBlurb\u00bb title=\u00bbTe ofrecemos capacitaciones para ti y tu personal \u00bb url_new_window=\u00bboff\u00bb icon_placement=\u00bbleft\u00bb font_icon=\u00bbR\u00bb use_icon=\u00bbon\u00bb use_circle=\u00bboff\u00bb use_circle_border=\u00bboff\u00bb icon_color=\u00bb#ec6d5f\u00bb circle_color=\u00bb#2caaca\u00bb circle_border_color=\u00bb#2caaca\u00bb animation=\u00bbbottom\u00bb background_layout=\u00bbdark\u00bb text_orientation=\u00bbcenter\u00bb use_icon_font_size=\u00bboff\u00bb use_border_color=\u00bboff\u00bb border_color=\u00bb#ffffff\u00bb border_style=\u00bbsolid\u00bb]<\/p>\n<p>[\/et_pb_blurb][et_pb_blurb admin_label=\u00bbBlurb\u00bb title=\u00bb Apoyo para autogesti\u00f3n \u00bb url_new_window=\u00bboff\u00bb icon_placement=\u00bbleft\u00bb font_icon=\u00bbR\u00bb use_icon=\u00bbon\u00bb use_circle=\u00bboff\u00bb use_circle_border=\u00bboff\u00bb icon_color=\u00bb#1fa0e3&#8243; circle_color=\u00bb#2caaca\u00bb circle_border_color=\u00bb#2caaca\u00bb animation=\u00bbright\u00bb background_layout=\u00bbdark\u00bb text_orientation=\u00bbcenter\u00bb use_icon_font_size=\u00bboff\u00bb use_border_color=\u00bboff\u00bb border_color=\u00bb#ffffff\u00bb border_style=\u00bbsolid\u00bb]<\/p>\n<p>[\/et_pb_blurb][et_pb_blurb admin_label=\u00bbBlurb\u00bb title=\u00bbIndustria limpia \u00bb url_new_window=\u00bboff\u00bb icon_placement=\u00bbleft\u00bb font_icon=\u00bbR\u00bb use_icon=\u00bbon\u00bb use_circle=\u00bboff\u00bb use_circle_border=\u00bboff\u00bb icon_color=\u00bb#47bfa4&#8243; circle_color=\u00bb#2caaca\u00bb circle_border_color=\u00bb#2caaca\u00bb animation=\u00bbtop\u00bb background_layout=\u00bbdark\u00bb text_orientation=\u00bbcenter\u00bb use_icon_font_size=\u00bboff\u00bb use_border_color=\u00bboff\u00bb border_color=\u00bb#ffffff\u00bb border_style=\u00bbsolid\u00bb]<\/p>\n<p>[\/et_pb_blurb][et_pb_blurb admin_label=\u00bbBlurb\u00bb title=\u00bbAsesor\u00eda y apoyo para tus auditorias para ISO 9000, ISO 14000, ISO 22000, OSHAS 18000 y An\u00e1lisis de riesgo y puntos cr\u00edticos de control HACCP\u00bb url_new_window=\u00bboff\u00bb icon_placement=\u00bbleft\u00bb font_icon=\u00bbR\u00bb use_icon=\u00bbon\u00bb use_circle=\u00bboff\u00bb use_circle_border=\u00bboff\u00bb icon_color=\u00bb#edf000&#8243; circle_color=\u00bb#2caaca\u00bb circle_border_color=\u00bb#2caaca\u00bb animation=\u00bbtop\u00bb background_layout=\u00bbdark\u00bb text_orientation=\u00bbcenter\u00bb use_icon_font_size=\u00bboff\u00bb use_border_color=\u00bboff\u00bb border_color=\u00bb#ffffff\u00bb border_style=\u00bbsolid\u00bb]<\/p>\n<p>[\/et_pb_blurb][\/et_pb_column][et_pb_column type=\u00bb1_3&#8243;][et_pb_image admin_label=\u00bbImage\u00bb src=\u00bbhttps:\/\/fusionambiental.com.mx\/principal\/wp-content\/uploads\/2016\/06\/p.txt.jpeg\u00bb url_new_window=\u00bboff\u00bb animation=\u00bbbottom\u00bb show_in_lightbox=\u00bboff\u00bb use_overlay=\u00bboff\u00bb sticky=\u00bboff\u00bb align=\u00bbleft\u00bb force_fullwidth=\u00bboff\u00bb always_center_on_mobile=\u00bbon\u00bb use_border_color=\u00bboff\u00bb border_color=\u00bb#ffffff\u00bb border_style=\u00bbsolid\u00bb]<\/p>\n<p>[\/et_pb_image][\/et_pb_column][et_pb_column type=\u00bb1_3&#8243;][et_pb_image admin_label=\u00bbImage\u00bb src=\u00bbhttps:\/\/fusionambiental.com.mx\/principal\/wp-content\/uploads\/2016\/06\/vents.jpg\u00bb url_new_window=\u00bboff\u00bb animation=\u00bbbottom\u00bb show_in_lightbox=\u00bboff\u00bb use_overlay=\u00bboff\u00bb sticky=\u00bboff\u00bb align=\u00bbleft\u00bb force_fullwidth=\u00bboff\u00bb always_center_on_mobile=\u00bbon\u00bb use_border_color=\u00bboff\u00bb border_color=\u00bb#ffffff\u00bb border_style=\u00bbsolid\u00bb]<\/p>\n<p>[\/et_pb_image][\/et_pb_column][\/et_pb_row][\/et_pb_section][et_pb_section admin_label=\u00bbsection\u00bb fullwidth=\u00bboff\u00bb background_color=\u00bb#0fafff\u00bb inner_shadow=\u00bboff\u00bb parallax=\u00bboff\u00bb transparent_background=\u00bboff\u00bb allow_player_pause=\u00bboff\u00bb parallax_method=\u00bboff\u00bb padding_mobile=\u00bboff\u00bb make_fullwidth=\u00bboff\u00bb use_custom_width=\u00bboff\u00bb width_unit=\u00bbon\u00bb make_equal=\u00bboff\u00bb use_custom_gutter=\u00bboff\u00bb][et_pb_row admin_label=\u00bbFila\u00bb][et_pb_column type=\u00bb2_3&#8243;][et_pb_cta admin_label=\u00bbCall To Action\u00bb background_color=\u00bb#7ebec5&#8243; use_background_color=\u00bboff\u00bb background_layout=\u00bbdark\u00bb text_orientation=\u00bbcenter\u00bb button_url=\u00bbhttps:\/\/fusionambiental.com.mx\/principal\/contacto\/\u00bb button_text=\u00bb\u00a1Cont\u00e1ctanos!\u00bb url_new_window=\u00bboff\u00bb use_border_color=\u00bboff\u00bb border_color=\u00bb#ffffff\u00bb border_style=\u00bbsolid\u00bb custom_button=\u00bbon\u00bb button_letter_spacing=\u00bb0&#8243; button_use_icon=\u00bbdefault\u00bb button_icon_placement=\u00bbright\u00bb button_on_hover=\u00bbon\u00bb button_letter_spacing_hover=\u00bb0&#8243;]<\/p>\n<p>&nbsp;<\/p>\n<h1>Trabajemos juntos&#8230;<\/h1>\n<p>&nbsp;<\/p>\n<p>&nbsp;<\/p>\n<p>[\/et_pb_cta][\/et_pb_column][et_pb_column type=\u00bb1_3&#8243;][et_pb_image admin_label=\u00bbImagen\u00bb src=\u00bbhttps:\/\/fusionambiental.com.mx\/principal\/wp-content\/uploads\/2016\/06\/fusiontl-copy.png\u00bb show_in_lightbox=\u00bboff\u00bb url_new_window=\u00bboff\u00bb use_overlay=\u00bboff\u00bb animation=\u00bboff\u00bb sticky=\u00bboff\u00bb align=\u00bbcenter\u00bb force_fullwidth=\u00bboff\u00bb always_center_on_mobile=\u00bbon\u00bb use_border_color=\u00bboff\u00bb border_color=\u00bb#ffffff\u00bb border_style=\u00bbsolid\u00bb custom_css_main_element=\u00bbpadding-top: 80px;||margin-left: auto;||    margin-right: auto;||||}\u00bb]<\/p>\n<p>[\/et_pb_image][\/et_pb_column][\/et_pb_row][\/et_pb_section]<\/p>\n","protected":false},"excerpt":{"rendered":"<p>[et_pb_section admin_label=\u00bbsection\u00bb fullwidth=\u00bbon\u00bb][et_pb_fullwidth_slider admin_label=\u00bbFullwidth Slider\u00bb show_arrows=\u00bbon\u00bb show_pagination=\u00bbon\u00bb auto=\u00bbon\u00bb parallax=\u00bbon\u00bb auto_ignore_hover=\u00bbon\u00bb parallax_method=\u00bboff\u00bb remove_inner_shadow=\u00bboff\u00bb background_position=\u00bbdefault\u00bb background_size=\u00bbdefault\u00bb hide_content_on_mobile=\u00bboff\u00bb hide_cta_on_mobile=\u00bboff\u00bb show_image_video_mobile=\u00bboff\u00bb custom_button=\u00bboff\u00bb button_letter_spacing=\u00bb0&#8243; button_use_icon=\u00bbdefault\u00bb button_icon_placement=\u00bbright\u00bb button_on_hover=\u00bbon\u00bb button_letter_spacing_hover=\u00bb0&#8243; auto_speed=\u00bb5000&#8243;] [et_pb_slide heading=\u00bbDiagn\u00f3sticos, auditor\u00edas y certificaciones\u00bb button_text=\u00bb\u00a1Con\u00f3celos!\u00bb button_link=\u00bbhttps:\/\/fusionambiental.com.mx\/principal\/diagnosticos\/\u00bb background_color=\u00bb#ffffff\u00bb alignment=\u00bbcenter\u00bb background_layout=\u00bbdark\u00bb video_bg_width=\u00bb1920&#8243; video_bg_height=\u00bb638&#8243; background_image=\u00bbhttps:\/\/fusionambiental.com.mx\/principal\/wp-content\/uploads\/2016\/06\/Health-Technology.jpg\u00bb background_position=\u00bbdefault\u00bb background_size=\u00bbdefault\u00bb use_bg_overlay=\u00bbon\u00bb use_text_overlay=\u00bbon\u00bb allow_player_pause=\u00bboff\u00bb text_border_radius=\u00bb3&#8243; header_font_select=\u00bbdefault\u00bb header_font=\u00bb||||\u00bb body_font_select=\u00bbdefault\u00bb body_font=\u00bb||||\u00bb custom_button=\u00bboff\u00bb button_font_select=\u00bbdefault\u00bb button_font=\u00bb||||\u00bb button_use_icon=\u00bbdefault\u00bb button_icon_placement=\u00bbright\u00bb button_on_hover=\u00bbon\u00bb] [\/et_pb_slide][et_pb_slide heading=\u00bbMonitoreos, [&hellip;]<\/p>\n","protected":false},"author":1,"featured_media":0,"parent":0,"menu_order":0,"comment_status":"closed","ping_status":"open","template":"","meta":{"footnotes":""},"class_list":["post-2","page","type-page","status-publish","hentry"],"_links":{"self":[{"href":"https:\/\/fusionambiental.com.mx\/principal\/wp-json\/wp\/v2\/pages\/2","targetHints":{"allow":["GET"]}}],"collection":[{"href":"https:\/\/fusionambiental.com.mx\/principal\/wp-json\/wp\/v2\/pages"}],"about":[{"href":"https:\/\/fusionambiental.com.mx\/principal\/wp-json\/wp\/v2\/types\/page"}],"author":[{"embeddable":true,"href":"https:\/\/fusionambiental.com.mx\/principal\/wp-json\/wp\/v2\/users\/1"}],"replies":[{"embeddable":true,"href":"https:\/\/fusionambiental.com.mx\/principal\/wp-json\/wp\/v2\/comments?post=2"}],"version-history":[{"count":62,"href":"https:\/\/fusionambiental.com.mx\/principal\/wp-json\/wp\/v2\/pages\/2\/revisions"}],"predecessor-version":[{"id":329,"href":"https:\/\/fusionambiental.com.mx\/principal\/wp-json\/wp\/v2\/pages\/2\/revisions\/329"}],"wp:attachment":[{"href":"https:\/\/fusionambiental.com.mx\/principal\/wp-json\/wp\/v2\/media?parent=2"}],"curies":[{"name":"wp","href":"https:\/\/api.w.org\/{rel}","templated":true}]}}