{"id":91,"date":"2016-06-14T12:14:06","date_gmt":"2016-06-14T12:14:06","guid":{"rendered":"http:\/\/fusionambiental.com.mx\/principal\/?page_id=91"},"modified":"2016-09-15T22:11:33","modified_gmt":"2016-09-15T22:11:33","slug":"nosotros","status":"publish","type":"page","link":"https:\/\/fusionambiental.com.mx\/principal\/nosotros\/","title":{"rendered":"Nosotros"},"content":{"rendered":"<p>[et_pb_section admin_label=\u00bbSecci\u00f3n\u00bb fullwidth=\u00bboff\u00bb specialty=\u00bboff\u00bb][et_pb_row admin_label=\u00bbFila\u00bb][et_pb_column type=\u00bb4_4&#8243;][et_pb_text admin_label=\u00bbTexto\u00bb background_layout=\u00bblight\u00bb text_orientation=\u00bbcenter\u00bb use_border_color=\u00bboff\u00bb border_color=\u00bb#ffffff\u00bb border_style=\u00bbsolid\u00bb]<\/p>\n<h3><strong>NOSOTROS<\/strong><\/h3>\n<p>[\/et_pb_text][\/et_pb_column][\/et_pb_row][et_pb_row admin_label=\u00bbFila\u00bb][et_pb_column type=\u00bb1_2&#8243;][et_pb_blurb admin_label=\u00bbAnuncio\u00bb title=\u00bb\u00bfQui\u00e9nes somos? \u00bb url_new_window=\u00bboff\u00bb use_icon=\u00bbon\u00bb font_icon=\u00bb%%75%%\u00bb icon_color=\u00bb#4ea7db\u00bb use_circle=\u00bboff\u00bb circle_color=\u00bb#39b24a\u00bb use_circle_border=\u00bboff\u00bb circle_border_color=\u00bb#39b24a\u00bb icon_placement=\u00bbtop\u00bb animation=\u00bbtop\u00bb background_layout=\u00bblight\u00bb text_orientation=\u00bbcenter\u00bb use_icon_font_size=\u00bboff\u00bb use_border_color=\u00bboff\u00bb border_color=\u00bb#ffffff\u00bb border_style=\u00bbsolid\u00bb header_font_size=\u00bb24&#8243; body_font_size=\u00bb18&#8243;]<\/p>\n<p style=\"text-align: justify;\">Somos una empresa INTEGRAL enfocada en brindar servicios y apoyo en materia de Medio Ambiente, Salud, Seguridad Alimentaria, Sanidad Agropecuaria as\u00ed como en Seguridad e Higiene.\u00a0Nuestros servicios est\u00e1n a cargo de un equipo de especialistas multifuncionales cuyo fin es cubrir tus expectativas y satisfacer tus necesidades en todo momento.<\/p>\n<p>[\/et_pb_blurb][\/et_pb_column][et_pb_column type=\u00bb1_2&#8243;][et_pb_blurb admin_label=\u00bbAnuncio\u00bb title=\u00bbNuestro Equipo\u00bb url_new_window=\u00bboff\u00bb use_icon=\u00bbon\u00bb font_icon=\u00bb%%103%%\u00bb icon_color=\u00bb#4ea7db\u00bb use_circle=\u00bboff\u00bb circle_color=\u00bb#39b24a\u00bb use_circle_border=\u00bboff\u00bb circle_border_color=\u00bb#39b24a\u00bb icon_placement=\u00bbtop\u00bb animation=\u00bbtop\u00bb background_layout=\u00bblight\u00bb text_orientation=\u00bbcenter\u00bb use_icon_font_size=\u00bboff\u00bb use_border_color=\u00bboff\u00bb border_color=\u00bb#ffffff\u00bb border_style=\u00bbsolid\u00bb header_font_size=\u00bb24&#8243; body_font_size=\u00bb18&#8243;]<\/p>\n<p style=\"text-align: justify;\">Nuestro equipo de trabajo esta conformado por laboratorios, unidades de verificaci\u00f3n y asesores; los cuales se encuentran acreditados y aprobados en distintas ramas, lo que te permite optimizar servicios y tiempo trabajando con nosotros.<\/p>\n<p>[\/et_pb_blurb][\/et_pb_column][\/et_pb_row][\/et_pb_section][et_pb_section admin_label=\u00bbSecci\u00f3n\u00bb fullwidth=\u00bboff\u00bb specialty=\u00bboff\u00bb transparent_background=\u00bboff\u00bb background_color=\u00bb#4ea7db\u00bb allow_player_pause=\u00bboff\u00bb inner_shadow=\u00bboff\u00bb parallax=\u00bboff\u00bb parallax_method=\u00bboff\u00bb padding_mobile=\u00bboff\u00bb make_fullwidth=\u00bboff\u00bb use_custom_width=\u00bboff\u00bb width_unit=\u00bbon\u00bb make_equal=\u00bboff\u00bb use_custom_gutter=\u00bboff\u00bb][et_pb_row admin_label=\u00bbFila\u00bb][et_pb_column type=\u00bb1_2&#8243;][et_pb_blurb admin_label=\u00bbAnuncio\u00bb title=\u00bbMisi\u00f3n\u00bb url_new_window=\u00bboff\u00bb use_icon=\u00bbon\u00bb font_icon=\u00bb%%165%%\u00bb icon_color=\u00bb#ffffff\u00bb use_circle=\u00bboff\u00bb circle_color=\u00bb#39b24a\u00bb use_circle_border=\u00bboff\u00bb circle_border_color=\u00bb#39b24a\u00bb icon_placement=\u00bbtop\u00bb animation=\u00bbtop\u00bb background_layout=\u00bbdark\u00bb text_orientation=\u00bbcenter\u00bb use_icon_font_size=\u00bboff\u00bb use_border_color=\u00bboff\u00bb border_color=\u00bb#ffffff\u00bb border_style=\u00bbsolid\u00bb header_font_size=\u00bb24&#8243; body_font_size=\u00bb18&#8243;]<\/p>\n<p style=\"text-align: justify;\">La satisfacci\u00f3n del cliente brind\u00e1ndole la experiencia con la que contamos en la soluci\u00f3n r\u00e1pida a sus problemas relacionados con Medio Ambiente, Salud, Sanidad Agropecuaria, Seguridad Alimentaria, Seguridad e Higiene.<\/p>\n<p>[\/et_pb_blurb][\/et_pb_column][et_pb_column type=\u00bb1_2&#8243;][et_pb_blurb admin_label=\u00bbAnuncio\u00bb title=\u00bbVisi\u00f3n\u00bb url_new_window=\u00bboff\u00bb use_icon=\u00bbon\u00bb font_icon=\u00bb%%166%%\u00bb icon_color=\u00bb#ffffff\u00bb use_circle=\u00bboff\u00bb circle_color=\u00bb#39b24a\u00bb use_circle_border=\u00bboff\u00bb circle_border_color=\u00bb#39b24a\u00bb icon_placement=\u00bbtop\u00bb animation=\u00bbtop\u00bb background_layout=\u00bbdark\u00bb text_orientation=\u00bbcenter\u00bb use_icon_font_size=\u00bboff\u00bb use_border_color=\u00bboff\u00bb border_color=\u00bb#ffffff\u00bb border_style=\u00bbsolid\u00bb header_font_size=\u00bb24&#8243; body_font_size=\u00bb18&#8243;]<\/p>\n<p style=\"text-align: justify;\">Consolidarnos como empresa L\u00edder en M\u00e9xico, en la prestaci\u00f3n de servicios a los negocios con el fin de ayudarlos a lograr el cumplimiento normativo en todas las \u00e1reas de gesti\u00f3n.<\/p>\n<p>[\/et_pb_blurb][\/et_pb_column][\/et_pb_row][\/et_pb_section][et_pb_section admin_label=\u00bbSecci\u00f3n\u00bb fullwidth=\u00bboff\u00bb specialty=\u00bboff\u00bb][et_pb_row admin_label=\u00bbFila\u00bb][et_pb_column type=\u00bb2_3&#8243;][et_pb_cta admin_label=\u00bbLlamada a la acci\u00f3n\u00bb title=\u00bb\u00a1Trabajemos Juntos!\u00bb url_new_window=\u00bboff\u00bb button_text=\u00bbCont\u00e1ctanos\u00bb use_background_color=\u00bbon\u00bb background_color=\u00bbrgba(57,178,74,0)\u00bb background_layout=\u00bblight\u00bb text_orientation=\u00bbcenter\u00bb use_border_color=\u00bboff\u00bb border_color=\u00bb#ffffff\u00bb border_style=\u00bbsolid\u00bb custom_button=\u00bbon\u00bb button_letter_spacing=\u00bb0&#8243; button_use_icon=\u00bbdefault\u00bb button_icon_placement=\u00bbright\u00bb button_on_hover=\u00bbon\u00bb button_letter_spacing_hover=\u00bb0&#8243; button_text_color=\u00bb#848484&#8243; button_border_color=\u00bb#848484&#8243; button_url=\u00bbhttps:\/\/fusionambiental.com.mx\/principal\/contacto\/\u00bb]<\/p>\n<p>\u00a1Si est\u00e1s interesado en nuestros servicios, m\u00e1ndanos un correo y te contactaremos tan r\u00e1pido como nos sea posible!<\/p>\n<p>[\/et_pb_cta][\/et_pb_column][et_pb_column type=\u00bb1_3&#8243;][et_pb_image admin_label=\u00bbImagen\u00bb src=\u00bbhttps:\/\/fusionambiental.com.mx\/principal\/wp-content\/uploads\/2016\/08\/fusiontl.png\u00bb show_in_lightbox=\u00bboff\u00bb url_new_window=\u00bboff\u00bb use_overlay=\u00bboff\u00bb animation=\u00bbleft\u00bb sticky=\u00bboff\u00bb align=\u00bbleft\u00bb force_fullwidth=\u00bboff\u00bb always_center_on_mobile=\u00bbon\u00bb use_border_color=\u00bboff\u00bb border_color=\u00bb#ffffff\u00bb border_style=\u00bbsolid\u00bb custom_css_main_element=\u00bbpadding-top: 80px;||margin-left: auto;||margin-right: auto;||||}\u00bb \/][\/et_pb_column][\/et_pb_row][\/et_pb_section]<\/p>\n","protected":false},"excerpt":{"rendered":"<p>[et_pb_section admin_label=\u00bbSecci\u00f3n\u00bb fullwidth=\u00bboff\u00bb specialty=\u00bboff\u00bb][et_pb_row admin_label=\u00bbFila\u00bb][et_pb_column type=\u00bb4_4&#8243;][et_pb_text admin_label=\u00bbTexto\u00bb background_layout=\u00bblight\u00bb text_orientation=\u00bbcenter\u00bb use_border_color=\u00bboff\u00bb border_color=\u00bb#ffffff\u00bb border_style=\u00bbsolid\u00bb] NOSOTROS [\/et_pb_text][\/et_pb_column][\/et_pb_row][et_pb_row admin_label=\u00bbFila\u00bb][et_pb_column type=\u00bb1_2&#8243;][et_pb_blurb admin_label=\u00bbAnuncio\u00bb title=\u00bb\u00bfQui\u00e9nes somos? \u00bb url_new_window=\u00bboff\u00bb use_icon=\u00bbon\u00bb font_icon=\u00bb%%75%%\u00bb icon_color=\u00bb#4ea7db\u00bb use_circle=\u00bboff\u00bb circle_color=\u00bb#39b24a\u00bb use_circle_border=\u00bboff\u00bb circle_border_color=\u00bb#39b24a\u00bb icon_placement=\u00bbtop\u00bb animation=\u00bbtop\u00bb background_layout=\u00bblight\u00bb text_orientation=\u00bbcenter\u00bb use_icon_font_size=\u00bboff\u00bb use_border_color=\u00bboff\u00bb border_color=\u00bb#ffffff\u00bb border_style=\u00bbsolid\u00bb header_font_size=\u00bb24&#8243; body_font_size=\u00bb18&#8243;] Somos una empresa INTEGRAL enfocada en brindar servicios y apoyo en materia de Medio Ambiente, Salud, Seguridad [&hellip;]<\/p>\n","protected":false},"author":1,"featured_media":0,"parent":0,"menu_order":0,"comment_status":"closed","ping_status":"closed","template":"","meta":{"footnotes":""},"class_list":["post-91","page","type-page","status-publish","hentry"],"_links":{"self":[{"href":"https:\/\/fusionambiental.com.mx\/principal\/wp-json\/wp\/v2\/pages\/91","targetHints":{"allow":["GET"]}}],"collection":[{"href":"https:\/\/fusionambiental.com.mx\/principal\/wp-json\/wp\/v2\/pages"}],"about":[{"href":"https:\/\/fusionambiental.com.mx\/principal\/wp-json\/wp\/v2\/types\/page"}],"author":[{"embeddable":true,"href":"https:\/\/fusionambiental.com.mx\/principal\/wp-json\/wp\/v2\/users\/1"}],"replies":[{"embeddable":true,"href":"https:\/\/fusionambiental.com.mx\/principal\/wp-json\/wp\/v2\/comments?post=91"}],"version-history":[{"count":13,"href":"https:\/\/fusionambiental.com.mx\/principal\/wp-json\/wp\/v2\/pages\/91\/revisions"}],"predecessor-version":[{"id":330,"href":"https:\/\/fusionambiental.com.mx\/principal\/wp-json\/wp\/v2\/pages\/91\/revisions\/330"}],"wp:attachment":[{"href":"https:\/\/fusionambiental.com.mx\/principal\/wp-json\/wp\/v2\/media?parent=91"}],"curies":[{"name":"wp","href":"https:\/\/api.w.org\/{rel}","templated":true}]}}